{"id":259,"date":"2026-02-16T05:06:57","date_gmt":"2026-02-16T04:06:57","guid":{"rendered":"https:\/\/autoeastern.com.ec\/s-oilseven-ecuador\/?page_id=259"},"modified":"2026-02-16T05:33:15","modified_gmt":"2026-02-16T04:33:15","slug":"s-oil-global","status":"publish","type":"page","link":"https:\/\/autoeastern.com.ec\/s-oilseven-ecuador\/index.php\/s-oil-global\/","title":{"rendered":"S-Oil Global"},"content":{"rendered":"\t\t<div data-elementor-type=\"wp-page\" data-elementor-id=\"259\" class=\"elementor elementor-259\" data-elementor-post-type=\"page\">\n\t\t\t\t<div class=\"elementor-element elementor-element-b2f1df9 e-con-full e-flex e-con e-parent\" data-id=\"b2f1df9\" data-element_type=\"container\" data-e-type=\"container\" data-settings=\"{&quot;background_background&quot;:&quot;video&quot;,&quot;background_video_link&quot;:&quot;https:\\\/\\\/autoeastern.com.ec\\\/s-oilseven-ecuador\\\/wp-content\\\/uploads\\\/2026\\\/02\\\/VIDEO_SOIL_PRQUENO.mp4&quot;}\">\n\t\t<div class=\"elementor-background-video-container elementor-hidden-mobile\">\n\t\t\t\t\t\t\t<video class=\"elementor-background-video-hosted\" role=\"presentation\" autoplay muted playsinline loop><\/video>\n\t\t\t\t\t<\/div><div class=\"elementor-element elementor-element-af73997 e-flex e-con-boxed e-con e-child\" data-id=\"af73997\" data-element_type=\"container\" data-e-type=\"container\">\n\t\t\t\t\t<div class=\"e-con-inner\">\n\t\t<div class=\"elementor-element elementor-element-c1cce30 e-con-full e-flex e-con e-child\" data-id=\"c1cce30\" data-element_type=\"container\" data-e-type=\"container\">\n\t\t\t\t<div class=\"elementor-element elementor-element-923cb14 elementor-widget elementor-widget-heading\" data-id=\"923cb14\" data-element_type=\"widget\" data-e-type=\"widget\" data-widget_type=\"heading.default\">\n\t\t\t\t\t<h2 class=\"elementor-heading-title elementor-size-default\">Menos fricci\u00f3n. <br>\nM\u00e1s eficiencia  <br>\npara tu motor.<\/h2>\t\t\t\t<\/div>\n\t\t\t\t<\/div>\n\t\t<div class=\"elementor-element elementor-element-614852c e-con-full e-flex e-con e-child\" data-id=\"614852c\" data-element_type=\"container\" data-e-type=\"container\">\n\t\t\t\t<div class=\"elementor-element elementor-element-b763e07 elementor-widget elementor-widget-image\" data-id=\"b763e07\" data-element_type=\"widget\" data-e-type=\"widget\" data-widget_type=\"image.default\">\n\t\t\t\t\t\t\t\t\t\t\t\t\t\t\t<img decoding=\"async\" width=\"367\" height=\"98\" src=\"https:\/\/autoeastern.com.ec\/s-oilseven-ecuador\/wp-content\/uploads\/2026\/02\/logo-s-oil.png\" class=\"attachment-full size-full wp-image-263\" alt=\"Logo S-Oil\" srcset=\"https:\/\/autoeastern.com.ec\/s-oilseven-ecuador\/wp-content\/uploads\/2026\/02\/logo-s-oil.png 367w, https:\/\/autoeastern.com.ec\/s-oilseven-ecuador\/wp-content\/uploads\/2026\/02\/logo-s-oil-300x80.png 300w\" sizes=\"(max-width: 367px) 100vw, 367px\" \/>\t\t\t\t\t\t\t\t\t\t\t\t\t\t\t<\/div>\n\t\t\t\t<\/div>\n\t\t\t\t\t<\/div>\n\t\t\t\t<\/div>\n\t\t\t\t<\/div>\n\t\t<div class=\"elementor-element elementor-element-3c2a588 e-flex e-con-boxed e-con e-parent\" data-id=\"3c2a588\" data-element_type=\"container\" data-e-type=\"container\">\n\t\t\t\t\t<div class=\"e-con-inner\">\n\t\t<div class=\"elementor-element elementor-element-b7acc8a e-con-full e-flex e-con e-child\" data-id=\"b7acc8a\" data-element_type=\"container\" data-e-type=\"container\" data-settings=\"{&quot;background_background&quot;:&quot;classic&quot;}\">\n\t\t<div class=\"elementor-element elementor-element-b714814 e-con-full e-flex e-con e-child\" data-id=\"b714814\" data-element_type=\"container\" data-e-type=\"container\" data-settings=\"{&quot;background_background&quot;:&quot;classic&quot;}\">\n\t\t\t\t<div class=\"elementor-element elementor-element-9b19747 elementor-widget elementor-widget-text-editor\" data-id=\"9b19747\" data-element_type=\"widget\" data-e-type=\"widget\" data-widget_type=\"text-editor.default\">\n\t\t\t\t\t\t\t\t\t<p>La empresa de energ\u00eda y qu\u00edmica m\u00e1s competitiva y admirada en Asia-Pac\u00edfico, con operaciones de excelencia, inversi\u00f3n estrat\u00e9gica y talento humano.<\/p>\t\t\t\t\t\t\t\t<\/div>\n\t\t\t\t<\/div>\n\t\t<div class=\"elementor-element elementor-element-f7a361c e-con-full e-flex e-con e-child\" data-id=\"f7a361c\" data-element_type=\"container\" data-e-type=\"container\" data-settings=\"{&quot;background_background&quot;:&quot;classic&quot;}\">\n\t\t\t\t<\/div>\n\t\t\t\t<\/div>\n\t\t\t\t\t<\/div>\n\t\t\t\t<\/div>\n\t\t<div class=\"elementor-element elementor-element-20ab464 e-flex e-con-boxed e-con e-parent\" data-id=\"20ab464\" data-element_type=\"container\" data-e-type=\"container\">\n\t\t\t\t\t<div class=\"e-con-inner\">\n\t\t<div class=\"elementor-element elementor-element-d3547fe e-con-full e-flex e-con e-child\" data-id=\"d3547fe\" data-element_type=\"container\" data-e-type=\"container\">\n\t\t\t\t<div class=\"elementor-element elementor-element-51896fa elementor-widget elementor-widget-heading\" data-id=\"51896fa\" data-element_type=\"widget\" data-e-type=\"widget\" data-widget_type=\"heading.default\">\n\t\t\t\t\t<h2 class=\"elementor-heading-title elementor-size-default\">Calidad elegida<br>\npor los l\u00edderes del <br>\nmercado<\/h2>\t\t\t\t<\/div>\n\t\t\t\t<\/div>\n\t\t<div class=\"elementor-element elementor-element-5baa536 e-con-full e-flex e-con e-child\" data-id=\"5baa536\" data-element_type=\"container\" data-e-type=\"container\">\n\t\t\t\t<div class=\"elementor-element elementor-element-9bdadee elementor-widget elementor-widget-text-editor\" data-id=\"9bdadee\" data-element_type=\"widget\" data-e-type=\"widget\" data-widget_type=\"text-editor.default\">\n\t\t\t\t\t\t\t\t\t<p>S-OIL es una compa\u00f1\u00eda coreana l\u00edder en refinaci\u00f3n y lubricantes, fundada en 1976. Opera uno de los complejos industriales m\u00e1s avanzados del mundo en Ulsan, Corea, con alta capacidad de refinaci\u00f3n y producci\u00f3n de aceites base de calidad premium.<br \/>Desde 1989, S-OIL se ha consolidado como una de las marcas de lubricantes m\u00e1s confiables y duraderas del mercado coreano, destac\u00e1ndose por su tecnolog\u00eda, eficiencia y compromiso con la calidad, el medio ambiente y la protecci\u00f3n del consumidor.<\/p>\t\t\t\t\t\t\t\t<\/div>\n\t\t\t\t<\/div>\n\t\t\t\t\t<\/div>\n\t\t\t\t<\/div>\n\t\t<div class=\"elementor-element elementor-element-9e806f3 e-con-full e-flex e-con e-parent\" data-id=\"9e806f3\" data-element_type=\"container\" data-e-type=\"container\" data-settings=\"{&quot;background_background&quot;:&quot;classic&quot;}\">\n\t\t\t\t<\/div>\n\t\t<div class=\"elementor-element elementor-element-2f3311c e-flex e-con-boxed e-con e-parent\" data-id=\"2f3311c\" data-element_type=\"container\" data-e-type=\"container\">\n\t\t\t\t\t<div class=\"e-con-inner\">\n\t\t<div class=\"elementor-element elementor-element-161f6aa e-con-full e-flex e-con e-child\" data-id=\"161f6aa\" data-element_type=\"container\" data-e-type=\"container\">\n\t\t\t\t<div class=\"elementor-element elementor-element-eb9606b elementor-widget elementor-widget-text-editor\" data-id=\"eb9606b\" data-element_type=\"widget\" data-e-type=\"widget\" data-widget_type=\"text-editor.default\">\n\t\t\t\t\t\t\t\t\tS-OIL cuenta con amplia experiencia en el desarrollo de lubricantes, suministrando aceites de motor y engranajes a fabricantes automotrices l\u00edderes a nivel mundial. Actualmente, es proveedor del primer llenado de f\u00e1brica para motores de gasolina y di\u00e9sel de KIA y Hyundai en Corea, respaldando su desempe\u00f1o y confiabilidad desde el origen.\t\t\t\t\t\t\t\t<\/div>\n\t\t\t\t<\/div>\n\t\t<div class=\"elementor-element elementor-element-f0c415d e-con-full e-flex e-con e-child\" data-id=\"f0c415d\" data-element_type=\"container\" data-e-type=\"container\">\n\t\t\t\t<div class=\"elementor-element elementor-element-8776893 elementor-widget elementor-widget-image\" data-id=\"8776893\" data-element_type=\"widget\" data-e-type=\"widget\" data-widget_type=\"image.default\">\n\t\t\t\t\t\t\t\t\t\t\t\t\t\t\t<img fetchpriority=\"high\" decoding=\"async\" width=\"436\" height=\"135\" src=\"https:\/\/autoeastern.com.ec\/s-oilseven-ecuador\/wp-content\/uploads\/2026\/02\/aceite_oficial.png\" class=\"attachment-full size-full wp-image-266\" alt=\"logo kia y hyundai\" srcset=\"https:\/\/autoeastern.com.ec\/s-oilseven-ecuador\/wp-content\/uploads\/2026\/02\/aceite_oficial.png 436w, https:\/\/autoeastern.com.ec\/s-oilseven-ecuador\/wp-content\/uploads\/2026\/02\/aceite_oficial-300x93.png 300w\" sizes=\"(max-width: 436px) 100vw, 436px\" \/>\t\t\t\t\t\t\t\t\t\t\t\t\t\t\t<\/div>\n\t\t\t\t<\/div>\n\t\t\t\t\t<\/div>\n\t\t\t\t<\/div>\n\t\t<div class=\"elementor-element elementor-element-262a933 e-flex e-con-boxed e-con e-parent\" data-id=\"262a933\" data-element_type=\"container\" data-e-type=\"container\">\n\t\t\t\t\t<div class=\"e-con-inner\">\n\t\t\t\t<div class=\"elementor-element elementor-element-e75b0e8 elementor-widget elementor-widget-image\" data-id=\"e75b0e8\" data-element_type=\"widget\" data-e-type=\"widget\" data-widget_type=\"image.default\">\n\t\t\t\t\t\t\t\t\t\t\t\t\t\t\t<img decoding=\"async\" width=\"1440\" height=\"881\" src=\"https:\/\/autoeastern.com.ec\/s-oilseven-ecuador\/wp-content\/uploads\/2026\/02\/aceite-sintetico.jpg\" class=\"attachment-full size-full wp-image-267\" alt=\"Aceite sint\u00e9tico S-OIL 7 n\u00famero 1 en ventas para veh\u00edculos Kia y Hyundai en Ecuador.\" srcset=\"https:\/\/autoeastern.com.ec\/s-oilseven-ecuador\/wp-content\/uploads\/2026\/02\/aceite-sintetico.jpg 1440w, https:\/\/autoeastern.com.ec\/s-oilseven-ecuador\/wp-content\/uploads\/2026\/02\/aceite-sintetico-300x184.jpg 300w, https:\/\/autoeastern.com.ec\/s-oilseven-ecuador\/wp-content\/uploads\/2026\/02\/aceite-sintetico-1024x626.jpg 1024w, https:\/\/autoeastern.com.ec\/s-oilseven-ecuador\/wp-content\/uploads\/2026\/02\/aceite-sintetico-768x470.jpg 768w\" sizes=\"(max-width: 1440px) 100vw, 1440px\" \/>\t\t\t\t\t\t\t\t\t\t\t\t\t\t\t<\/div>\n\t\t\t\t\t<\/div>\n\t\t\t\t<\/div>\n\t\t<div class=\"elementor-element elementor-element-e3691ab e-flex e-con-boxed e-con e-parent\" data-id=\"e3691ab\" data-element_type=\"container\" data-e-type=\"container\">\n\t\t\t\t\t<div class=\"e-con-inner\">\n\t\t<div class=\"elementor-element elementor-element-729a1ef e-con-full e-flex e-con e-child\" data-id=\"729a1ef\" data-element_type=\"container\" data-e-type=\"container\">\n\t\t\t\t<div class=\"elementor-element elementor-element-ffb03b5 elementor-widget elementor-widget-heading\" data-id=\"ffb03b5\" data-element_type=\"widget\" data-e-type=\"widget\" data-widget_type=\"heading.default\">\n\t\t\t\t\t<h2 class=\"elementor-heading-title elementor-size-default\">Somos el mejor aceite 100% <br>sint\u00e9tico del pa\u00eds dise\u00f1ado para <br>los mejores<\/h2>\t\t\t\t<\/div>\n\t\t\t\t<\/div>\n\t\t<div class=\"elementor-element elementor-element-36df1ef e-con-full e-flex e-con e-child\" data-id=\"36df1ef\" data-element_type=\"container\" data-e-type=\"container\">\n\t\t<div class=\"elementor-element elementor-element-ec3def5 e-con-full e-flex e-con e-child\" data-id=\"ec3def5\" data-element_type=\"container\" data-e-type=\"container\">\n\t\t\t\t<div class=\"elementor-element elementor-element-122f6eb elementor-widget elementor-widget-text-editor\" data-id=\"122f6eb\" data-element_type=\"widget\" data-e-type=\"widget\" data-widget_type=\"text-editor.default\">\n\t\t\t\t\t\t\t\t\t<p>S-OIL cuenta con amplia experiencia en el desarrollo de lubricantes, suministrando aceites de motor y engranajes a fabricantes automotrices l\u00edderes a nivel mundial. Actualmente, es proveedor del primer llenado de f\u00e1brica para motores de gasolina y di\u00e9sel de KIA y Hyundai en Corea, respaldando su desempe\u00f1o y confiabilidad desde el origen.<\/p>\t\t\t\t\t\t\t\t<\/div>\n\t\t\t\t<\/div>\n\t\t<div class=\"elementor-element elementor-element-1ad96fc e-con-full e-flex e-con e-child\" data-id=\"1ad96fc\" data-element_type=\"container\" data-e-type=\"container\">\n\t\t\t\t<div class=\"elementor-element elementor-element-5386c46 elementor-widget elementor-widget-image\" data-id=\"5386c46\" data-element_type=\"widget\" data-e-type=\"widget\" data-widget_type=\"image.default\">\n\t\t\t\t\t\t\t\t\t\t\t\t\t\t\t<img loading=\"lazy\" decoding=\"async\" width=\"425\" height=\"301\" src=\"https:\/\/autoeastern.com.ec\/s-oilseven-ecuador\/wp-content\/uploads\/2026\/02\/aceites_s-oil.png\" class=\"attachment-full size-full wp-image-268\" alt=\"Lubricantes S-OIL SEVEN: ATF VI, Red 9 5W-30 y Blue 7 15W-40.\" srcset=\"https:\/\/autoeastern.com.ec\/s-oilseven-ecuador\/wp-content\/uploads\/2026\/02\/aceites_s-oil.png 425w, https:\/\/autoeastern.com.ec\/s-oilseven-ecuador\/wp-content\/uploads\/2026\/02\/aceites_s-oil-300x212.png 300w\" sizes=\"(max-width: 425px) 100vw, 425px\" \/>\t\t\t\t\t\t\t\t\t\t\t\t\t\t\t<\/div>\n\t\t\t\t<\/div>\n\t\t\t\t<\/div>\n\t\t\t\t\t<\/div>\n\t\t\t\t<\/div>\n\t\t\t\t<\/div>\n\t\t","protected":false},"excerpt":{"rendered":"<p>Menos fricci\u00f3n. M\u00e1s eficiencia para tu motor. La empresa de energ\u00eda y qu\u00edmica m\u00e1s competitiva y admirada en Asia-Pac\u00edfico, con operaciones de excelencia, inversi\u00f3n estrat\u00e9gica y talento humano. Calidad elegida por los l\u00edderes del mercado S-OIL es una compa\u00f1\u00eda coreana l\u00edder en refinaci\u00f3n y lubricantes, fundada en 1976. Opera uno de los complejos industriales m\u00e1s [&hellip;]<\/p>\n","protected":false},"author":1,"featured_media":0,"parent":0,"menu_order":0,"comment_status":"closed","ping_status":"closed","template":"elementor_header_footer","meta":{"footnotes":""},"class_list":["post-259","page","type-page","status-publish","hentry"],"_links":{"self":[{"href":"https:\/\/autoeastern.com.ec\/s-oilseven-ecuador\/index.php\/wp-json\/wp\/v2\/pages\/259","targetHints":{"allow":["GET"]}}],"collection":[{"href":"https:\/\/autoeastern.com.ec\/s-oilseven-ecuador\/index.php\/wp-json\/wp\/v2\/pages"}],"about":[{"href":"https:\/\/autoeastern.com.ec\/s-oilseven-ecuador\/index.php\/wp-json\/wp\/v2\/types\/page"}],"author":[{"embeddable":true,"href":"https:\/\/autoeastern.com.ec\/s-oilseven-ecuador\/index.php\/wp-json\/wp\/v2\/users\/1"}],"replies":[{"embeddable":true,"href":"https:\/\/autoeastern.com.ec\/s-oilseven-ecuador\/index.php\/wp-json\/wp\/v2\/comments?post=259"}],"version-history":[{"count":10,"href":"https:\/\/autoeastern.com.ec\/s-oilseven-ecuador\/index.php\/wp-json\/wp\/v2\/pages\/259\/revisions"}],"predecessor-version":[{"id":290,"href":"https:\/\/autoeastern.com.ec\/s-oilseven-ecuador\/index.php\/wp-json\/wp\/v2\/pages\/259\/revisions\/290"}],"wp:attachment":[{"href":"https:\/\/autoeastern.com.ec\/s-oilseven-ecuador\/index.php\/wp-json\/wp\/v2\/media?parent=259"}],"curies":[{"name":"wp","href":"https:\/\/api.w.org\/{rel}","templated":true}]}}