{"id":457,"date":"2026-02-17T07:10:08","date_gmt":"2026-02-17T06:10:08","guid":{"rendered":"https:\/\/autoeastern.com.ec\/s-oilseven-ecuador\/?page_id=457"},"modified":"2026-02-26T21:08:21","modified_gmt":"2026-02-26T20:08:21","slug":"newsletter","status":"publish","type":"page","link":"https:\/\/autoeastern.com.ec\/s-oilseven-ecuador\/index.php\/newsletter\/","title":{"rendered":"Newsletter"},"content":{"rendered":"\t\t<div data-elementor-type=\"wp-page\" data-elementor-id=\"457\" class=\"elementor elementor-457\" data-elementor-post-type=\"page\">\n\t\t\t\t<div class=\"elementor-element elementor-element-1b527e7 e-flex e-con-boxed e-con e-parent\" data-id=\"1b527e7\" data-element_type=\"container\" data-e-type=\"container\">\n\t\t\t\t\t<div class=\"e-con-inner\">\n\t\t\t\t<div class=\"elementor-element elementor-element-6ee11d7 elementor-widget elementor-widget-elementskit-blog-posts\" data-id=\"6ee11d7\" data-element_type=\"widget\" data-e-type=\"widget\" data-widget_type=\"elementskit-blog-posts.default\">\n\t\t\t\t\t<div class=\"ekit-wid-con\" >        <div id=\"post-items--6ee11d7\" class=\"row post-items\">\n                    <div class=\"col-md-12\">\n\n                                    <div class=\"elementskit-blog-block-post\">\n                        <div class=\"row no-gutters\">\n                                                            <div class=\"col-md-6 order-1\">\n                                    <a href=\"https:\/\/autoeastern.com.ec\/s-oilseven-ecuador\/index.php\/2026\/02\/26\/podio-en-paute-s-oil-seven-brilla-en-la-1era-valida-del-campeonato-nacional\/\" class=\"elementskit-entry-thumb\">\n                                        <img decoding=\"async\" src=\"https:\/\/autoeastern.com.ec\/s-oilseven-ecuador\/wp-content\/uploads\/2026\/02\/header_blog.jpg\" alt=\"\u00a1Podio en Paute! S-OIL SEVEN brilla en la 1era V\u00e1lida del Campeonato Nacional\">\n                                    <\/a><!-- .elementskit-entry-thumb END -->\n                                <\/div>\n                            \n                            <div class=\"col-md-6 order-2\">\n                                <div class=\"elementskit-post-body \">\n                                    <div class=\"elementskit-entry-header\">\n                                        \n                                            \n                                                                                            \t\t\t\t<h2 class=\"entry-title\">\n\t\t\t\t\t<a href=\"https:\/\/autoeastern.com.ec\/s-oilseven-ecuador\/index.php\/2026\/02\/26\/podio-en-paute-s-oil-seven-brilla-en-la-1era-valida-del-campeonato-nacional\/\">\n\t\t\t\t\t\t\u00a1Podio en Paute! S-OIL SEVEN brilla en la 1era V\u00e1lida del Campeonato Nacional\t\t\t\t\t<\/a>\n\t\t\t\t<\/h2>\n\t\t\t                                            \n                                                                                <\/div><!-- .elementskit-entry-header END -->\n\n                                                                            <div class=\"elementskit-post-footer\">\n                                                                                            <p>El rugido de los motores volvi\u00f3 a sentirse con fuerza en las calles y circuitos de Azuay. El pasado 20 y 21 de febrero, se llev\u00f3 a cabo el esperado Gran Premio Ciudad de Paute 2026, un evento que marc\u00f3 el inicio oficial del automovilismo de velocidad en el pa\u00eds. En una jornada cargada de [&hellip;]<\/p>\n                                                                                                                                        \t\t\t\t\t\t\t\t\t\t\t<div class=\"post-meta-list\">\n\t\t\t\t\t\t\t\t\t\t\t\t\t\t\t\t\t\t\t\t\t\t\t\t\t\t\t\t\t\t\t\t<span class=\"meta-date\">\n\t\t\t\t\t\t\t\t\t\t\t\t\t\t\t\t\t\t\t\t<span class=\"meta-date-text\">\n\t\t\t\t\t\t\t\t\t\t\t26 de February de 2026\t\t\t\t\t\t\t\t\t\t<\/span>\n\t\t\t\t\t\t\t\t\t<\/span>\n\t\t\t\t\t\t\t\t\t\t\t\t\t\t\t\t\t\t\t\t\t\t\t\t\t\t\t\t\t\t\t\t\t\t\t\t\t<\/div>\n\t\t\t\t\t                                                                                    <\/div><!-- .elementskit-post-footer END -->\n                                                                    <\/div><!-- .elementskit-post-body END -->\n                            <\/div>\n                        <\/div>\n                    <\/div><!-- .elementskit-blog-block-post .radius .gradient-bg END -->\n                \n            <\/div>\n                <\/div>\n       <\/div>\t\t\t\t<\/div>\n\t\t\t\t<div class=\"elementor-element elementor-element-3c188d1 elementor-grid-3 elementor-grid-tablet-2 elementor-grid-mobile-1 elementor-posts--thumbnail-top elementor-widget elementor-widget-posts\" data-id=\"3c188d1\" data-element_type=\"widget\" data-e-type=\"widget\" data-settings=\"{&quot;classic_columns&quot;:&quot;3&quot;,&quot;classic_columns_tablet&quot;:&quot;2&quot;,&quot;classic_columns_mobile&quot;:&quot;1&quot;,&quot;classic_row_gap&quot;:{&quot;unit&quot;:&quot;px&quot;,&quot;size&quot;:35,&quot;sizes&quot;:[]},&quot;classic_row_gap_tablet&quot;:{&quot;unit&quot;:&quot;px&quot;,&quot;size&quot;:&quot;&quot;,&quot;sizes&quot;:[]},&quot;classic_row_gap_mobile&quot;:{&quot;unit&quot;:&quot;px&quot;,&quot;size&quot;:&quot;&quot;,&quot;sizes&quot;:[]}}\" data-widget_type=\"posts.classic\">\n\t\t\t\t<div class=\"elementor-widget-container\">\n\t\t\t\t\t\t\t<div class=\"elementor-posts-container elementor-posts elementor-posts--skin-classic elementor-grid\" role=\"list\">\n\t\t\t\t<article class=\"elementor-post elementor-grid-item post-450 post type-post status-publish format-standard has-post-thumbnail hentry category-newsletter\" role=\"listitem\">\n\t\t\t\t<a class=\"elementor-post__thumbnail__link\" href=\"https:\/\/autoeastern.com.ec\/s-oilseven-ecuador\/index.php\/2026\/02\/17\/grandes-cambios-en-formula-1\/\" tabindex=\"-1\" >\n\t\t\t<div class=\"elementor-post__thumbnail\"><img fetchpriority=\"high\" decoding=\"async\" width=\"990\" height=\"844\" src=\"https:\/\/autoeastern.com.ec\/s-oilseven-ecuador\/wp-content\/uploads\/2026\/02\/Grandes-cambios-en-formula-1.jpg\" class=\"attachment-full size-full wp-image-451\" alt=\"Monoplaza de F\u00f3rmula 1 de Aston Martin con tecnolog\u00eda de lubricantes Aramco y S-OIL.\" srcset=\"https:\/\/autoeastern.com.ec\/s-oilseven-ecuador\/wp-content\/uploads\/2026\/02\/Grandes-cambios-en-formula-1.jpg 990w, https:\/\/autoeastern.com.ec\/s-oilseven-ecuador\/wp-content\/uploads\/2026\/02\/Grandes-cambios-en-formula-1-300x256.jpg 300w, https:\/\/autoeastern.com.ec\/s-oilseven-ecuador\/wp-content\/uploads\/2026\/02\/Grandes-cambios-en-formula-1-768x655.jpg 768w\" sizes=\"(max-width: 990px) 100vw, 990px\" \/><\/div>\n\t\t<\/a>\n\t\t\t\t<div class=\"elementor-post__text\">\n\t\t\t\t<h3 class=\"elementor-post__title\">\n\t\t\t<a href=\"https:\/\/autoeastern.com.ec\/s-oilseven-ecuador\/index.php\/2026\/02\/17\/grandes-cambios-en-formula-1\/\" >\n\t\t\t\tGrandes cambios en f\u00f3rmula 1\t\t\t<\/a>\n\t\t<\/h3>\n\t\t\t\t<div class=\"elementor-post__meta-data\">\n\t\t\t\t\t<span class=\"elementor-post-date\">\n\t\t\t17 de February de 2026\t\t<\/span>\n\t\t\t\t<\/div>\n\t\t\t\t<div class=\"elementor-post__excerpt\">\n\t\t\t<p>Aramco est\u00e1 constantemente desarrollando tecnolog\u00edas en tecnolog\u00eda avanzada de motores y veh\u00edculos y estamos combinando nuestra habilidad y<\/p>\n\t\t<\/div>\n\t\t\n\t\t<a class=\"elementor-post__read-more\" href=\"https:\/\/autoeastern.com.ec\/s-oilseven-ecuador\/index.php\/2026\/02\/17\/grandes-cambios-en-formula-1\/\" aria-label=\"Read more about Grandes cambios en f\u00f3rmula 1\" tabindex=\"-1\" >\n\t\t\t\ud83e\udc75\t\t<\/a>\n\n\t\t\t\t<\/div>\n\t\t\t\t<\/article>\n\t\t\t\t<article class=\"elementor-post elementor-grid-item post-443 post type-post status-publish format-standard has-post-thumbnail hentry category-newsletter\" role=\"listitem\">\n\t\t\t\t<a class=\"elementor-post__thumbnail__link\" href=\"https:\/\/autoeastern.com.ec\/s-oilseven-ecuador\/index.php\/2026\/02\/17\/s-oil-presente-en-la-adrenalina-de-yahuarcocha\/\" tabindex=\"-1\" >\n\t\t\t<div class=\"elementor-post__thumbnail\"><img decoding=\"async\" width=\"990\" height=\"844\" src=\"https:\/\/autoeastern.com.ec\/s-oilseven-ecuador\/wp-content\/uploads\/2026\/02\/S-OIL-presente-en-la-adrenalina-de-Yahuarcocha.jpg\" class=\"attachment-full size-full wp-image-444\" alt=\"Auto de carreras con lubricante S-OIL SEVEN en el Aut\u00f3dromo de Yahuarcocha, Ecuador.\" srcset=\"https:\/\/autoeastern.com.ec\/s-oilseven-ecuador\/wp-content\/uploads\/2026\/02\/S-OIL-presente-en-la-adrenalina-de-Yahuarcocha.jpg 990w, https:\/\/autoeastern.com.ec\/s-oilseven-ecuador\/wp-content\/uploads\/2026\/02\/S-OIL-presente-en-la-adrenalina-de-Yahuarcocha-300x256.jpg 300w, https:\/\/autoeastern.com.ec\/s-oilseven-ecuador\/wp-content\/uploads\/2026\/02\/S-OIL-presente-en-la-adrenalina-de-Yahuarcocha-768x655.jpg 768w\" sizes=\"(max-width: 990px) 100vw, 990px\" \/><\/div>\n\t\t<\/a>\n\t\t\t\t<div class=\"elementor-post__text\">\n\t\t\t\t<h3 class=\"elementor-post__title\">\n\t\t\t<a href=\"https:\/\/autoeastern.com.ec\/s-oilseven-ecuador\/index.php\/2026\/02\/17\/s-oil-presente-en-la-adrenalina-de-yahuarcocha\/\" >\n\t\t\t\tS-OIL presente en la adrenalina de Yahuarcocha\t\t\t<\/a>\n\t\t<\/h3>\n\t\t\t\t<div class=\"elementor-post__meta-data\">\n\t\t\t\t\t<span class=\"elementor-post-date\">\n\t\t\t17 de February de 2026\t\t<\/span>\n\t\t\t\t<\/div>\n\t\t\t\t<div class=\"elementor-post__excerpt\">\n\t\t\t<p>\u00a1Gran noticia para los amantes de los autom\u00f3viles! Este fin de semana, se llevar\u00e1 a cabo la esperada<\/p>\n\t\t<\/div>\n\t\t\n\t\t<a class=\"elementor-post__read-more\" href=\"https:\/\/autoeastern.com.ec\/s-oilseven-ecuador\/index.php\/2026\/02\/17\/s-oil-presente-en-la-adrenalina-de-yahuarcocha\/\" aria-label=\"Read more about S-OIL presente en la adrenalina de Yahuarcocha\" tabindex=\"-1\" >\n\t\t\t\ud83e\udc75\t\t<\/a>\n\n\t\t\t\t<\/div>\n\t\t\t\t<\/article>\n\t\t\t\t<\/div>\n\t\t\n\t\t\t\t\t\t<\/div>\n\t\t\t\t<\/div>\n\t\t\t\t\t<\/div>\n\t\t\t\t<\/div>\n\t\t\t\t<\/div>\n\t\t","protected":false},"excerpt":{"rendered":"<p>\u00a1Podio en Paute! S-OIL SEVEN brilla en la 1era V\u00e1lida del Campeonato Nacional El rugido de los motores volvi\u00f3 a sentirse con fuerza en las calles y circuitos de Azuay. El pasado 20 y 21 de febrero, se llev\u00f3 a cabo el esperado Gran Premio Ciudad de Paute 2026, un evento que marc\u00f3 el inicio [&hellip;]<\/p>\n","protected":false},"author":1,"featured_media":0,"parent":0,"menu_order":0,"comment_status":"closed","ping_status":"closed","template":"elementor_header_footer","meta":{"footnotes":""},"class_list":["post-457","page","type-page","status-publish","hentry"],"_links":{"self":[{"href":"https:\/\/autoeastern.com.ec\/s-oilseven-ecuador\/index.php\/wp-json\/wp\/v2\/pages\/457","targetHints":{"allow":["GET"]}}],"collection":[{"href":"https:\/\/autoeastern.com.ec\/s-oilseven-ecuador\/index.php\/wp-json\/wp\/v2\/pages"}],"about":[{"href":"https:\/\/autoeastern.com.ec\/s-oilseven-ecuador\/index.php\/wp-json\/wp\/v2\/types\/page"}],"author":[{"embeddable":true,"href":"https:\/\/autoeastern.com.ec\/s-oilseven-ecuador\/index.php\/wp-json\/wp\/v2\/users\/1"}],"replies":[{"embeddable":true,"href":"https:\/\/autoeastern.com.ec\/s-oilseven-ecuador\/index.php\/wp-json\/wp\/v2\/comments?post=457"}],"version-history":[{"count":29,"href":"https:\/\/autoeastern.com.ec\/s-oilseven-ecuador\/index.php\/wp-json\/wp\/v2\/pages\/457\/revisions"}],"predecessor-version":[{"id":680,"href":"https:\/\/autoeastern.com.ec\/s-oilseven-ecuador\/index.php\/wp-json\/wp\/v2\/pages\/457\/revisions\/680"}],"wp:attachment":[{"href":"https:\/\/autoeastern.com.ec\/s-oilseven-ecuador\/index.php\/wp-json\/wp\/v2\/media?parent=457"}],"curies":[{"name":"wp","href":"https:\/\/api.w.org\/{rel}","templated":true}]}}